{"id":2402,"date":"2025-01-09T08:59:38","date_gmt":"2025-01-09T07:59:38","guid":{"rendered":"https:\/\/www.feg.at\/e2a\/?page_id=2402"},"modified":"2026-01-12T19:28:33","modified_gmt":"2026-01-12T18:28:33","slug":"pruefungsstoff-gal-e2a-2025","status":"publish","type":"page","link":"https:\/\/www.feg.at\/e2a\/","title":{"rendered":"E2a Auswahlpr\u00fcfungsstoff 2026"},"content":{"rendered":"","protected":true},"excerpt":{"rendered":"","protected":true},"author":2,"featured_media":0,"parent":0,"menu_order":0,"comment_status":"closed","ping_status":"open","template":"","meta":{"ocean_post_layout":"full-width","ocean_both_sidebars_style":"","ocean_both_sidebars_content_width":0,"ocean_both_sidebars_sidebars_width":0,"ocean_sidebar":"0","ocean_second_sidebar":"0","ocean_disable_margins":"enable","ocean_add_body_class":"","ocean_shortcode_before_top_bar":"","ocean_shortcode_after_top_bar":"","ocean_shortcode_before_header":"","ocean_shortcode_after_header":"","ocean_has_shortcode":"","ocean_shortcode_after_title":"","ocean_shortcode_before_footer_widgets":"","ocean_shortcode_after_footer_widgets":"","ocean_shortcode_before_footer_bottom":"","ocean_shortcode_after_footer_bottom":"","ocean_display_top_bar":"default","ocean_display_header":"default","ocean_header_style":"","ocean_center_header_left_menu":"0","ocean_custom_header_template":"0","ocean_custom_logo":0,"ocean_custom_retina_logo":0,"ocean_custom_logo_max_width":0,"ocean_custom_logo_tablet_max_width":0,"ocean_custom_logo_mobile_max_width":0,"ocean_custom_logo_max_height":0,"ocean_custom_logo_tablet_max_height":0,"ocean_custom_logo_mobile_max_height":0,"ocean_header_custom_menu":"0","ocean_menu_typo_font_family":"0","ocean_menu_typo_font_subset":"","ocean_menu_typo_font_size":0,"ocean_menu_typo_font_size_tablet":0,"ocean_menu_typo_font_size_mobile":0,"ocean_menu_typo_font_size_unit":"px","ocean_menu_typo_font_weight":"","ocean_menu_typo_font_weight_tablet":"","ocean_menu_typo_font_weight_mobile":"","ocean_menu_typo_transform":"","ocean_menu_typo_transform_tablet":"","ocean_menu_typo_transform_mobile":"","ocean_menu_typo_line_height":0,"ocean_menu_typo_line_height_tablet":0,"ocean_menu_typo_line_height_mobile":0,"ocean_menu_typo_line_height_unit":"","ocean_menu_typo_spacing":0,"ocean_menu_typo_spacing_tablet":0,"ocean_menu_typo_spacing_mobile":0,"ocean_menu_typo_spacing_unit":"","ocean_menu_link_color":"","ocean_menu_link_color_hover":"","ocean_menu_link_color_active":"","ocean_menu_link_background":"","ocean_menu_link_hover_background":"","ocean_menu_link_active_background":"","ocean_menu_social_links_bg":"","ocean_menu_social_hover_links_bg":"","ocean_menu_social_links_color":"","ocean_menu_social_hover_links_color":"","ocean_disable_title":"default","ocean_disable_heading":"default","ocean_post_title":"","ocean_post_subheading":"","ocean_post_title_style":"","ocean_post_title_background_color":"","ocean_post_title_background":0,"ocean_post_title_bg_image_position":"","ocean_post_title_bg_image_attachment":"","ocean_post_title_bg_image_repeat":"","ocean_post_title_bg_image_size":"","ocean_post_title_height":0,"ocean_post_title_bg_overlay":0.5,"ocean_post_title_bg_overlay_color":"","ocean_disable_breadcrumbs":"default","ocean_breadcrumbs_color":"","ocean_breadcrumbs_separator_color":"","ocean_breadcrumbs_links_color":"","ocean_breadcrumbs_links_hover_color":"","ocean_display_footer_widgets":"default","ocean_display_footer_bottom":"default","ocean_custom_footer_template":"0","footnotes":""},"class_list":["post-2402","page","type-page","status-publish","post-password-required","hentry","entry"],"yoast_head":"<!-- This site is optimized with the Yoast SEO plugin v24.2 - https:\/\/yoast.com\/wordpress\/plugins\/seo\/ -->\n<title>E2a Auswahlpr\u00fcfungsstoff 2026 &#187; E2a Auswahlpr\u00fcfung<\/title>\n<meta name=\"robots\" content=\"noindex, follow\" \/>\n<meta property=\"og:locale\" content=\"de_DE\" \/>\n<meta property=\"og:type\" content=\"article\" \/>\n<meta property=\"og:title\" content=\"E2a Auswahlpr\u00fcfungsstoff 2026 &#187; E2a Auswahlpr\u00fcfung\" \/>\n<meta property=\"og:description\" content=\"Es gibt keinen Textauszug, da dies ein gesch\u00fctzter Beitrag ist.\" \/>\n<meta property=\"og:url\" content=\"https:\/\/www.feg.at\/e2a\/\" \/>\n<meta property=\"og:site_name\" content=\"E2a Auswahlpr\u00fcfung\" \/>\n<meta property=\"article:publisher\" content=\"https:\/\/www.facebook.com\/aufpolizei\/\" \/>\n<meta property=\"article:modified_time\" content=\"2026-01-12T18:28:33+00:00\" \/>\n<meta name=\"twitter:card\" content=\"summary_large_image\" \/>\n<meta name=\"twitter:label1\" content=\"Gesch\u00e4tzte Lesezeit\" \/>\n\t<meta name=\"twitter:data1\" content=\"1\u00a0Minute\" \/>\n<script type=\"application\/ld+json\" class=\"yoast-schema-graph\">{\"@context\":\"https:\/\/schema.org\",\"@graph\":[{\"@type\":\"WebPage\",\"@id\":\"https:\/\/www.feg.at\/e2a\/\",\"url\":\"https:\/\/www.feg.at\/e2a\/\",\"name\":\"E2a Auswahlpr\u00fcfungsstoff 2026 &#187; E2a Auswahlpr\u00fcfung\",\"isPartOf\":{\"@id\":\"https:\/\/www.feg.at\/e2a\/#website\"},\"datePublished\":\"2025-01-09T07:59:38+00:00\",\"dateModified\":\"2026-01-12T18:28:33+00:00\",\"breadcrumb\":{\"@id\":\"https:\/\/www.feg.at\/e2a\/#breadcrumb\"},\"inLanguage\":\"de\"},{\"@type\":\"WebSite\",\"@id\":\"https:\/\/www.feg.at\/e2a\/#website\",\"url\":\"https:\/\/www.feg.at\/e2a\/\",\"name\":\"E2a Auswahlpr\u00fcfung\",\"description\":\"\",\"publisher\":{\"@id\":\"https:\/\/www.feg.at\/e2a\/#organization\"},\"potentialAction\":[{\"@type\":\"SearchAction\",\"target\":{\"@type\":\"EntryPoint\",\"urlTemplate\":\"https:\/\/www.feg.at\/e2a\/?s={search_term_string}\"},\"query-input\":{\"@type\":\"PropertyValueSpecification\",\"valueRequired\":true,\"valueName\":\"search_term_string\"}}],\"inLanguage\":\"de\"},{\"@type\":\"Organization\",\"@id\":\"https:\/\/www.feg.at\/e2a\/#organization\",\"name\":\"FEG Freie Exekutivgewerkschaft\",\"url\":\"https:\/\/www.feg.at\/e2a\/\",\"logo\":{\"@type\":\"ImageObject\",\"inLanguage\":\"de\",\"@id\":\"https:\/\/www.feg.at\/e2a\/#\/schema\/logo\/image\/\",\"url\":\"https:\/\/www.feg.at\/e2a\/wp-content\/uploads\/2021\/03\/FEG-Logo-Freie-Exekutiv-Gewerkschaft-FEG.jpg\",\"contentUrl\":\"https:\/\/www.feg.at\/e2a\/wp-content\/uploads\/2021\/03\/FEG-Logo-Freie-Exekutiv-Gewerkschaft-FEG.jpg\",\"width\":1093,\"height\":773,\"caption\":\"FEG Freie Exekutivgewerkschaft\"},\"image\":{\"@id\":\"https:\/\/www.feg.at\/e2a\/#\/schema\/logo\/image\/\"},\"sameAs\":[\"https:\/\/www.facebook.com\/aufpolizei\/\"]}]}<\/script>\n<!-- \/ Yoast SEO plugin. -->","yoast_head_json":{"title":"E2a Auswahlpr\u00fcfungsstoff 2026 &#187; E2a Auswahlpr\u00fcfung","robots":{"index":"noindex","follow":"follow"},"og_locale":"de_DE","og_type":"article","og_title":"E2a Auswahlpr\u00fcfungsstoff 2026 &#187; E2a Auswahlpr\u00fcfung","og_description":"Es gibt keinen Textauszug, da dies ein gesch\u00fctzter Beitrag ist.","og_url":"https:\/\/www.feg.at\/e2a\/","og_site_name":"E2a Auswahlpr\u00fcfung","article_publisher":"https:\/\/www.facebook.com\/aufpolizei\/","article_modified_time":"2026-01-12T18:28:33+00:00","twitter_card":"summary_large_image","twitter_misc":{"Gesch\u00e4tzte Lesezeit":"1\u00a0Minute"},"schema":{"@context":"https:\/\/schema.org","@graph":[{"@type":"WebPage","@id":"https:\/\/www.feg.at\/e2a\/","url":"https:\/\/www.feg.at\/e2a\/","name":"E2a Auswahlpr\u00fcfungsstoff 2026 &#187; E2a Auswahlpr\u00fcfung","isPartOf":{"@id":"https:\/\/www.feg.at\/e2a\/#website"},"datePublished":"2025-01-09T07:59:38+00:00","dateModified":"2026-01-12T18:28:33+00:00","breadcrumb":{"@id":"https:\/\/www.feg.at\/e2a\/#breadcrumb"},"inLanguage":"de"},{"@type":"WebSite","@id":"https:\/\/www.feg.at\/e2a\/#website","url":"https:\/\/www.feg.at\/e2a\/","name":"E2a Auswahlpr\u00fcfung","description":"","publisher":{"@id":"https:\/\/www.feg.at\/e2a\/#organization"},"potentialAction":[{"@type":"SearchAction","target":{"@type":"EntryPoint","urlTemplate":"https:\/\/www.feg.at\/e2a\/?s={search_term_string}"},"query-input":{"@type":"PropertyValueSpecification","valueRequired":true,"valueName":"search_term_string"}}],"inLanguage":"de"},{"@type":"Organization","@id":"https:\/\/www.feg.at\/e2a\/#organization","name":"FEG Freie Exekutivgewerkschaft","url":"https:\/\/www.feg.at\/e2a\/","logo":{"@type":"ImageObject","inLanguage":"de","@id":"https:\/\/www.feg.at\/e2a\/#\/schema\/logo\/image\/","url":"https:\/\/www.feg.at\/e2a\/wp-content\/uploads\/2021\/03\/FEG-Logo-Freie-Exekutiv-Gewerkschaft-FEG.jpg","contentUrl":"https:\/\/www.feg.at\/e2a\/wp-content\/uploads\/2021\/03\/FEG-Logo-Freie-Exekutiv-Gewerkschaft-FEG.jpg","width":1093,"height":773,"caption":"FEG Freie Exekutivgewerkschaft"},"image":{"@id":"https:\/\/www.feg.at\/e2a\/#\/schema\/logo\/image\/"},"sameAs":["https:\/\/www.facebook.com\/aufpolizei\/"]}]}},"_links":{"self":[{"href":"https:\/\/www.feg.at\/e2a\/wp-json\/wp\/v2\/pages\/2402","targetHints":{"allow":["GET"]}}],"collection":[{"href":"https:\/\/www.feg.at\/e2a\/wp-json\/wp\/v2\/pages"}],"about":[{"href":"https:\/\/www.feg.at\/e2a\/wp-json\/wp\/v2\/types\/page"}],"author":[{"embeddable":true,"href":"https:\/\/www.feg.at\/e2a\/wp-json\/wp\/v2\/users\/2"}],"replies":[{"embeddable":true,"href":"https:\/\/www.feg.at\/e2a\/wp-json\/wp\/v2\/comments?post=2402"}],"version-history":[{"count":112,"href":"https:\/\/www.feg.at\/e2a\/wp-json\/wp\/v2\/pages\/2402\/revisions"}],"predecessor-version":[{"id":2692,"href":"https:\/\/www.feg.at\/e2a\/wp-json\/wp\/v2\/pages\/2402\/revisions\/2692"}],"wp:attachment":[{"href":"https:\/\/www.feg.at\/e2a\/wp-json\/wp\/v2\/media?parent=2402"}],"curies":[{"name":"wp","href":"https:\/\/api.w.org\/{rel}","templated":true}]}}